	{"id":12,"date":"2024-03-17T10:06:10","date_gmt":"2024-03-17T09:06:10","guid":{"rendered":"http:\/\/location-maison-emporda.com\/mirador-castello-empuries\/?page_id=12"},"modified":"2024-08-09T11:56:00","modified_gmt":"2024-08-09T09:56:00","slug":"acces-contact","status":"publish","type":"page","link":"http:\/\/www.location-maison-emporda.com\/index.php\/acces-contact\/","title":{"rendered":"Acc\u00e8s \/ Contact"},"content":{"rendered":"\r\n<p>Le village de Castello d&rsquo;Emp\u00faries est tr\u00e8s bien desservi et facile d&rsquo;acc\u00e8s :<\/p>\r\n\r\n\r\n\r\n<h2 class=\"wp-block-heading\"><strong><span style=\"text-decoration: underline;\">Acc\u00e8s<\/span><\/strong><\/h2>\r\n\r\n\r\n\r\n<h2 class=\"wp-block-heading\">Par la Route<\/h2>\r\n\r\n\r\n\r\n<p>Sortie N\u00b03 au niveau de Figueras sur l&rsquo;autoroute espagnole AP-7, puis prendre la N-II pour contourner Figueres par l&rsquo;est; Suivre ensuite Castello d&rsquo;Emp\u00faries (15 minutes). Le village dispose de nombreux espaces de stationnements gratuits toute l&rsquo;ann\u00e9e. <\/p>\r\n\r\n\r\n\r\n<h2 class=\"wp-block-heading\">En avion<\/h2>\r\n\r\n\r\n\r\n<p>Castello d&rsquo;Emp\u00faries se situe \u00e0 mi distance des a\u00e9roport de Perpignan et de G\u00e9rone, \u00e0 environ 45 minutes en voiture. Sur place vous pourrez louer une voiture ou optez pour un bus au d\u00e9part de l&rsquo;<a href=\"https:\/\/www.rome2rio.com\/es\/s\/Aeropuerto-Girona-GRO\/Empuriabrava\" target=\"_blank\" rel=\"noreferrer noopener\">a\u00e9roport de Girona<\/a>.  <\/p>\r\n\r\n\r\n\r\n<h2 class=\"wp-block-heading\">En train<\/h2>\r\n\r\n\r\n\r\n<p>La ligne TGV qui relie Montpellier \u00e0 Barcelone dispose d&rsquo;un arr\u00eat \u00e0 Figueres \u00e0 seulement 15 minutes en voiture de Castello d&rsquo;Emp\u00faries.Si vous prenez un bus, il faudra prendre un premier bus pour rejoindre le centre ville de Figueres puis prendre un autobus de la<a href=\"https:\/\/www.rome2rio.com\/fr\/map\/Figueres\/Empuriabrava-Station#r\/Line-12-bus\/s\/0\"> ligne 12<\/a><a href=\"https:\/\/www.rome2rio.com\/fr\/map\/Figueres\/Empuriabrava-Station#r\/Line-12-bus\/s\/0\" target=\"_blank\" rel=\"noreferrer noopener\">.<\/a><\/p>\r\n\r\n\r\n\r\n<figure class=\"wp-block-image size-full\"><img decoding=\"async\" src=\"http:\/\/location-maison-emporda.com\/wp-content\/uploads\/2024\/03\/acces-castello-empuries-espagne.jpg\" alt=\"\"><figcaption class=\"wp-element-caption\">Comment venir \u00e0 Castello de Empuries<\/figcaption><\/figure>\r\n\r\n\r\n\r\n<h2 class=\"wp-block-heading\">O\u00f9 se garer \u00e0 Castello d&rsquo;Emp\u00faries ?<\/h2>\r\n\r\n\r\n\r\n<p>Le village dispose de plusieurs parking, tous gratuits ! Sur la carte ci-dessous vous verrez l&#8217;emplacements de 7 parking publics gratuits, tous situ\u00e9s \u00e0 moins de 5 minutes \u00e0 pied de la maison (point jaune).<\/p>\r\n\r\n\r\n\r\n<figure class=\"wp-block-image size-full\"><a href=\"https:\/\/www.google.com\/maps\/place\/17486+Castell\u00f3+d'Emp\u00faries,+G\u00e9rone,+Espagne\/@42.2597755,3.069038,1849m\/data=!3m1!1e3!4m6!3m5!1s0x12ba8a3c0f77beab:0x1fb56fbb4ebeaca7!8m2!3d42.2604918!4d3.0738992!16s%2Fg%2F11cn5pxv93?entry=ttu\" target=\"_blank\" rel=\"noopener\"><img decoding=\"async\" src=\"http:\/\/location-maison-emporda.com\/wp-content\/uploads\/2024\/03\/se-garer-castello-empuries.jpg\" alt=\"O\u00f9 se garer gratuitement \u00e0 Castello d'Empuries\"><\/a><figcaption class=\"wp-element-caption\">O\u00f9 se garer gratuitement \u00e0 Castello d&rsquo;Empuries ?<\/figcaption><\/figure>\r\n\r\n\r\n\r\n<h2 class=\"wp-block-heading\">Nous contacter<\/h2>\r\n\r\n\r\n\r\n<p>Pour souhaitez plus de renseignements sur la maison ou si vous voulez la r\u00e9server ?<\/p>\r\n\r\n\r\n\r\n<div class=\"wp-block-contact-form-7-contact-form-selector\">\n<div class=\"wpcf7 no-js\" id=\"wpcf7-f151-o1\" lang=\"fr-FR\" dir=\"ltr\" data-wpcf7-id=\"151\">\n<div class=\"screen-reader-response\"><p role=\"status\" aria-live=\"polite\" aria-atomic=\"true\"><\/p> <ul><\/ul><\/div>\n<form action=\"\/index.php\/wp-json\/wp\/v2\/pages\/12#wpcf7-f151-o1\" method=\"post\" class=\"wpcf7-form init\" aria-label=\"Formulaire de contact\" novalidate=\"novalidate\" data-status=\"init\">\n<div style=\"display: none;\">\n<input type=\"hidden\" name=\"_wpcf7\" value=\"151\" \/>\n<input type=\"hidden\" name=\"_wpcf7_version\" value=\"6.0.6\" \/>\n<input type=\"hidden\" name=\"_wpcf7_locale\" value=\"fr_FR\" \/>\n<input type=\"hidden\" name=\"_wpcf7_unit_tag\" value=\"wpcf7-f151-o1\" \/>\n<input type=\"hidden\" name=\"_wpcf7_container_post\" value=\"0\" \/>\n<input type=\"hidden\" name=\"_wpcf7_posted_data_hash\" value=\"\" \/>\n<\/div>\n<p><label> Votre nom<br \/>\n<span class=\"wpcf7-form-control-wrap\" data-name=\"your-name\"><input size=\"40\" maxlength=\"400\" class=\"wpcf7-form-control wpcf7-text wpcf7-validates-as-required\" autocomplete=\"name\" aria-required=\"true\" aria-invalid=\"false\" value=\"\" type=\"text\" name=\"your-name\" \/><\/span> <\/label>\n<\/p>\n<p><label> Votre e-mail<br \/>\n<span class=\"wpcf7-form-control-wrap\" data-name=\"your-email\"><input size=\"40\" maxlength=\"400\" class=\"wpcf7-form-control wpcf7-email wpcf7-validates-as-required wpcf7-text wpcf7-validates-as-email\" autocomplete=\"email\" aria-required=\"true\" aria-invalid=\"false\" value=\"\" type=\"email\" name=\"your-email\" \/><\/span> <\/label>\n<\/p>\n<p><label> Objet<br \/>\n<span class=\"wpcf7-form-control-wrap\" data-name=\"your-subject\"><input size=\"40\" maxlength=\"400\" class=\"wpcf7-form-control wpcf7-text wpcf7-validates-as-required\" aria-required=\"true\" aria-invalid=\"false\" value=\"\" type=\"text\" name=\"your-subject\" \/><\/span> <\/label>\n<\/p>\n<p><label> Votre message (facultatif)<br \/>\n<span class=\"wpcf7-form-control-wrap\" data-name=\"your-message\"><textarea cols=\"40\" rows=\"10\" maxlength=\"2000\" class=\"wpcf7-form-control wpcf7-textarea\" aria-invalid=\"false\" name=\"your-message\"><\/textarea><\/span> <\/label>\n<\/p>\n<p><input class=\"wpcf7-form-control wpcf7-submit has-spinner\" type=\"submit\" value=\"Envoyer\" \/>\n<\/p><div class=\"wpcf7-response-output\" aria-hidden=\"true\"><\/div>\n<\/form>\n<\/div>\n<\/div>\r\n","protected":false},"excerpt":{"rendered":"<p>Le village de Castello d&rsquo;Emp\u00faries est tr\u00e8s bien desservi et facile d&rsquo;acc\u00e8s : Acc\u00e8s Par la Route Sortie N\u00b03 au niveau de Figueras sur l&rsquo;autoroute espagnole AP-7, puis prendre la N-II pour contourner Figueres par l&rsquo;est; Suivre ensuite Castello d&rsquo;Emp\u00faries (15 minutes). Le village dispose de nombreux espaces de stationnements gratuits toute l&rsquo;ann\u00e9e. En avion [&hellip;]<\/p>\n","protected":false},"author":1,"featured_media":0,"parent":0,"menu_order":0,"comment_status":"closed","ping_status":"closed","template":"","meta":{"_uf_show_specific_survey":0,"_uf_disable_surveys":false,"footnotes":""},"class_list":["post-12","page","type-page","status-publish","hentry"],"yoast_head":"<!-- This site is optimized with the Yoast SEO plugin v25.0 - https:\/\/yoast.com\/wordpress\/plugins\/seo\/ -->\n<title>Acc\u00e8s \/ Contact - Casa Mirador d&#039;Emporda<\/title>\n<meta name=\"description\" content=\"Le village de Castello d&#039;Emp\u00faries est facile d&#039;acc\u00e8s que soit en voiture, en train ou en avion. Contactez-nous pour plus de renseignements.\" \/>\n<meta name=\"robots\" content=\"index, follow, max-snippet:-1, max-image-preview:large, max-video-preview:-1\" \/>\n<link rel=\"canonical\" href=\"http:\/\/www.location-maison-emporda.com\/index.php\/acces-contact\/\" \/>\n<meta property=\"og:locale\" content=\"fr_FR\" \/>\n<meta property=\"og:type\" content=\"article\" \/>\n<meta property=\"og:title\" content=\"Acc\u00e8s \/ Contact - Casa Mirador d&#039;Emporda\" \/>\n<meta property=\"og:description\" content=\"Le village de Castello d&#039;Emp\u00faries est facile d&#039;acc\u00e8s que soit en voiture, en train ou en avion. Contactez-nous pour plus de renseignements.\" \/>\n<meta property=\"og:url\" content=\"http:\/\/www.location-maison-emporda.com\/index.php\/acces-contact\/\" \/>\n<meta property=\"og:site_name\" content=\"Casa Mirador d&#039;Emporda\" \/>\n<meta property=\"article:modified_time\" content=\"2024-08-09T09:56:00+00:00\" \/>\n<meta property=\"og:image\" content=\"http:\/\/location-maison-emporda.com\/wp-content\/uploads\/2024\/03\/acces-castello-empuries-espagne.jpg\" \/>\n<meta name=\"twitter:card\" content=\"summary_large_image\" \/>\n<meta name=\"twitter:label1\" content=\"Dur\u00e9e de lecture estim\u00e9e\" \/>\n\t<meta name=\"twitter:data1\" content=\"2 minutes\" \/>\n<script type=\"application\/ld+json\" class=\"yoast-schema-graph\">{\"@context\":\"https:\/\/schema.org\",\"@graph\":[{\"@type\":\"WebPage\",\"@id\":\"http:\/\/www.location-maison-emporda.com\/index.php\/acces-contact\/\",\"url\":\"http:\/\/www.location-maison-emporda.com\/index.php\/acces-contact\/\",\"name\":\"Acc\u00e8s \/ Contact - Casa Mirador d&#039;Emporda\",\"isPartOf\":{\"@id\":\"http:\/\/www.location-maison-emporda.com\/#website\"},\"primaryImageOfPage\":{\"@id\":\"http:\/\/www.location-maison-emporda.com\/index.php\/acces-contact\/#primaryimage\"},\"image\":{\"@id\":\"http:\/\/www.location-maison-emporda.com\/index.php\/acces-contact\/#primaryimage\"},\"thumbnailUrl\":\"http:\/\/location-maison-emporda.com\/wp-content\/uploads\/2024\/03\/acces-castello-empuries-espagne.jpg\",\"datePublished\":\"2024-03-17T09:06:10+00:00\",\"dateModified\":\"2024-08-09T09:56:00+00:00\",\"description\":\"Le village de Castello d'Emp\u00faries est facile d'acc\u00e8s que soit en voiture, en train ou en avion. Contactez-nous pour plus de renseignements.\",\"breadcrumb\":{\"@id\":\"http:\/\/www.location-maison-emporda.com\/index.php\/acces-contact\/#breadcrumb\"},\"inLanguage\":\"fr-FR\",\"potentialAction\":[{\"@type\":\"ReadAction\",\"target\":[\"http:\/\/www.location-maison-emporda.com\/index.php\/acces-contact\/\"]}]},{\"@type\":\"ImageObject\",\"inLanguage\":\"fr-FR\",\"@id\":\"http:\/\/www.location-maison-emporda.com\/index.php\/acces-contact\/#primaryimage\",\"url\":\"http:\/\/location-maison-emporda.com\/wp-content\/uploads\/2024\/03\/acces-castello-empuries-espagne.jpg\",\"contentUrl\":\"http:\/\/location-maison-emporda.com\/wp-content\/uploads\/2024\/03\/acces-castello-empuries-espagne.jpg\"},{\"@type\":\"BreadcrumbList\",\"@id\":\"http:\/\/www.location-maison-emporda.com\/index.php\/acces-contact\/#breadcrumb\",\"itemListElement\":[{\"@type\":\"ListItem\",\"position\":1,\"name\":\"Accueil\",\"item\":\"http:\/\/www.location-maison-emporda.com\/\"},{\"@type\":\"ListItem\",\"position\":2,\"name\":\"Acc\u00e8s \/ Contact\"}]},{\"@type\":\"WebSite\",\"@id\":\"http:\/\/www.location-maison-emporda.com\/#website\",\"url\":\"http:\/\/www.location-maison-emporda.com\/\",\"name\":\"Casa Mirador d'Emporda\",\"description\":\"Location maison enti\u00e8re \u00e0 Castello d&#039;Empuries\",\"potentialAction\":[{\"@type\":\"SearchAction\",\"target\":{\"@type\":\"EntryPoint\",\"urlTemplate\":\"http:\/\/www.location-maison-emporda.com\/?s={search_term_string}\"},\"query-input\":{\"@type\":\"PropertyValueSpecification\",\"valueRequired\":true,\"valueName\":\"search_term_string\"}}],\"inLanguage\":\"fr-FR\"}]}<\/script>\n<!-- \/ Yoast SEO plugin. -->","yoast_head_json":{"title":"Acc\u00e8s \/ Contact - Casa Mirador d&#039;Emporda","description":"Le village de Castello d'Emp\u00faries est facile d'acc\u00e8s que soit en voiture, en train ou en avion. Contactez-nous pour plus de renseignements.","robots":{"index":"index","follow":"follow","max-snippet":"max-snippet:-1","max-image-preview":"max-image-preview:large","max-video-preview":"max-video-preview:-1"},"canonical":"http:\/\/www.location-maison-emporda.com\/index.php\/acces-contact\/","og_locale":"fr_FR","og_type":"article","og_title":"Acc\u00e8s \/ Contact - Casa Mirador d&#039;Emporda","og_description":"Le village de Castello d'Emp\u00faries est facile d'acc\u00e8s que soit en voiture, en train ou en avion. Contactez-nous pour plus de renseignements.","og_url":"http:\/\/www.location-maison-emporda.com\/index.php\/acces-contact\/","og_site_name":"Casa Mirador d&#039;Emporda","article_modified_time":"2024-08-09T09:56:00+00:00","og_image":[{"url":"http:\/\/location-maison-emporda.com\/wp-content\/uploads\/2024\/03\/acces-castello-empuries-espagne.jpg","type":"","width":"","height":""}],"twitter_card":"summary_large_image","twitter_misc":{"Dur\u00e9e de lecture estim\u00e9e":"2 minutes"},"schema":{"@context":"https:\/\/schema.org","@graph":[{"@type":"WebPage","@id":"http:\/\/www.location-maison-emporda.com\/index.php\/acces-contact\/","url":"http:\/\/www.location-maison-emporda.com\/index.php\/acces-contact\/","name":"Acc\u00e8s \/ Contact - Casa Mirador d&#039;Emporda","isPartOf":{"@id":"http:\/\/www.location-maison-emporda.com\/#website"},"primaryImageOfPage":{"@id":"http:\/\/www.location-maison-emporda.com\/index.php\/acces-contact\/#primaryimage"},"image":{"@id":"http:\/\/www.location-maison-emporda.com\/index.php\/acces-contact\/#primaryimage"},"thumbnailUrl":"http:\/\/location-maison-emporda.com\/wp-content\/uploads\/2024\/03\/acces-castello-empuries-espagne.jpg","datePublished":"2024-03-17T09:06:10+00:00","dateModified":"2024-08-09T09:56:00+00:00","description":"Le village de Castello d'Emp\u00faries est facile d'acc\u00e8s que soit en voiture, en train ou en avion. Contactez-nous pour plus de renseignements.","breadcrumb":{"@id":"http:\/\/www.location-maison-emporda.com\/index.php\/acces-contact\/#breadcrumb"},"inLanguage":"fr-FR","potentialAction":[{"@type":"ReadAction","target":["http:\/\/www.location-maison-emporda.com\/index.php\/acces-contact\/"]}]},{"@type":"ImageObject","inLanguage":"fr-FR","@id":"http:\/\/www.location-maison-emporda.com\/index.php\/acces-contact\/#primaryimage","url":"http:\/\/location-maison-emporda.com\/wp-content\/uploads\/2024\/03\/acces-castello-empuries-espagne.jpg","contentUrl":"http:\/\/location-maison-emporda.com\/wp-content\/uploads\/2024\/03\/acces-castello-empuries-espagne.jpg"},{"@type":"BreadcrumbList","@id":"http:\/\/www.location-maison-emporda.com\/index.php\/acces-contact\/#breadcrumb","itemListElement":[{"@type":"ListItem","position":1,"name":"Accueil","item":"http:\/\/www.location-maison-emporda.com\/"},{"@type":"ListItem","position":2,"name":"Acc\u00e8s \/ Contact"}]},{"@type":"WebSite","@id":"http:\/\/www.location-maison-emporda.com\/#website","url":"http:\/\/www.location-maison-emporda.com\/","name":"Casa Mirador d'Emporda","description":"Location maison enti\u00e8re \u00e0 Castello d&#039;Empuries","potentialAction":[{"@type":"SearchAction","target":{"@type":"EntryPoint","urlTemplate":"http:\/\/www.location-maison-emporda.com\/?s={search_term_string}"},"query-input":{"@type":"PropertyValueSpecification","valueRequired":true,"valueName":"search_term_string"}}],"inLanguage":"fr-FR"}]}},"_links":{"self":[{"href":"http:\/\/www.location-maison-emporda.com\/index.php\/wp-json\/wp\/v2\/pages\/12","targetHints":{"allow":["GET"]}}],"collection":[{"href":"http:\/\/www.location-maison-emporda.com\/index.php\/wp-json\/wp\/v2\/pages"}],"about":[{"href":"http:\/\/www.location-maison-emporda.com\/index.php\/wp-json\/wp\/v2\/types\/page"}],"author":[{"embeddable":true,"href":"http:\/\/www.location-maison-emporda.com\/index.php\/wp-json\/wp\/v2\/users\/1"}],"replies":[{"embeddable":true,"href":"http:\/\/www.location-maison-emporda.com\/index.php\/wp-json\/wp\/v2\/comments?post=12"}],"version-history":[{"count":19,"href":"http:\/\/www.location-maison-emporda.com\/index.php\/wp-json\/wp\/v2\/pages\/12\/revisions"}],"predecessor-version":[{"id":493,"href":"http:\/\/www.location-maison-emporda.com\/index.php\/wp-json\/wp\/v2\/pages\/12\/revisions\/493"}],"wp:attachment":[{"href":"http:\/\/www.location-maison-emporda.com\/index.php\/wp-json\/wp\/v2\/media?parent=12"}],"curies":[{"name":"wp","href":"https:\/\/api.w.org\/{rel}","templated":true}]}}