	{"id":14,"date":"2024-03-17T10:08:49","date_gmt":"2024-03-17T09:08:49","guid":{"rendered":"http:\/\/location-maison-emporda.com\/mirador-castello-empuries\/?page_id=14"},"modified":"2024-08-10T11:09:42","modified_gmt":"2024-08-10T09:09:42","slug":"nos-bons-plans-conseils","status":"publish","type":"page","link":"http:\/\/www.location-maison-emporda.com\/index.php\/nos-bons-plans-conseils\/","title":{"rendered":"Nos bons plans \/ conseils"},"content":{"rendered":"\r\n<p>Que faire, o\u00f9 boire un verre et o\u00f9 bien manger, voici nos bons plans et coups de coeur. En compl\u00e9ment des pages sur <a href=\"xhttp:\/\/location-maison-emporda.com\/mirador-castello-empuries\/index.php\/castello-dempuries\/\">Castello<\/a> et <a href=\"http:\/\/location-maison-emporda.com\/mirador-castello-empuries\/index.php\/que-faire\/\">Que faire<\/a>, voici donc, en vrac, nos coups de coeurs.<\/p>\r\n\r\n\r\n\r\n<h2 class=\"wp-block-heading\">Boire un verre \/ manger ?<\/h2>\r\n\r\n\r\n\r\n<p>A Castello m\u00eame, \u00e9vitez le bar sur la pla\u00e7a del Holmes qui pratique des tarifs \u00e0 touristes. Pour un endroit reposant, en saison, privil\u00e9giez un verre \u00e0 l&rsquo;ombre de la cath\u00e9drale dans <a href=\"https:\/\/maps.app.goo.gl\/6VaAhyh3iykmHpDC9\" target=\"_blank\" rel=\"noopener\">les jardins de l&rsquo;h\u00f4tel Palau Macelli<\/a>. Le bar ext\u00e9rieur est ouvert \u00e0 tous. Pour des lieux plus authentiques, le <a href=\"https:\/\/maps.app.goo.gl\/MWzqVvqTrJKyfcTu5\" target=\"_blank\" rel=\"noopener\">Bar El Tronco<\/a> ou le <a href=\"https:\/\/maps.app.goo.gl\/wPvo6ZFe29B4T2xcA\" target=\"_blank\" rel=\"noopener\">Bar Forn Vell<\/a>.<\/p>\r\n\r\n\r\n\r\n<figure class=\"wp-block-image size-large\"><img decoding=\"async\" src=\"https:\/\/ak-d.tripcdn.com\/images\/0220b12000ch79kh07C16_R_960_660_R5_D.jpg\" alt=\"\" \/>\r\n<figcaption class=\"wp-element-caption\">Bons plans : les jardins de l&rsquo;h\u00f4tel Palau<\/figcaption>\r\n<\/figure>\r\n\r\n\r\n\r\n<p>Pour manger, le restaurant <a href=\"https:\/\/maps.app.goo.gl\/z5WxU3uF1QbyaRsh9\" target=\"_blank\" rel=\"noopener\">Les Voltes<\/a> \u00e0 deux pas de la maison ou la <a href=\"https:\/\/maps.app.goo.gl\/eoAgjx2apAP9EvE7A\" target=\"_blank\" rel=\"noopener\">Taverna de les Cols<\/a>, sur la place \u00e9ponyme. Attention, les prix des restaurants sont assez similaires aux prix fran\u00e7ais. Mais notre coup de coeur \u2764\ufe0f reste les restaurants <a href=\"https:\/\/maps.app.goo.gl\/1gztMZJnw1PHnL6GA\" target=\"_blank\" rel=\"noopener\">Txot&rsquo;s<\/a> : celui de Figueres pour le soir, et celui d&rsquo;Empuriabrava, post\u00e9 sur la plage, pour le midi (le 3e se trouve \u00e0 Roses).<\/p>\r\n\r\n\r\n\r\n<p>Si vous recherchez un restaurant plus typique, le <a href=\"https:\/\/maps.app.goo.gl\/8mZ6tNyLbmrgGJ1m6\">Cal Patufet<\/a>, restaurant mexicain mais proposant une carte vari\u00e9e, vous accueillera avec le sourire et des prix tr\u00e8s abordables.<\/p>\r\n\r\n\r\n\r\n<p>Pour un d\u00e9jeuner les pieds dans le sable ? Le <a href=\"https:\/\/maps.app.goo.gl\/aKFaaQCmw9w8LfXF8\">Marlin Beach Bar<\/a> \u00e0 15 minutes en voiture, avec un rapport qualit\u00e9\/prix tout \u00e0 fait raisonnable compte tenu du spot!<\/p>\r\n<center><img loading=\"lazy\" decoding=\"async\" src=\"http:\/\/location-maison-emporda.com\/wp-content\/uploads\/2024\/08\/file-300x300.jpg\" alt=\"\" width=\"300\" height=\"300\" \/><\/center><center><\/center>\r\n<p>A Castello d&rsquo;Emp\u00faries, les restaurants et bars ferment assez t\u00f4t. Pour prolonger l&rsquo;ambiance, retournez \u00e0 Figueras. Vous pourrez profiter de l&rsquo;atmosph\u00e8re de celle ville agr\u00e9able, de ses rues pi\u00e9tonnes et de ses <a href=\"https:\/\/www.location-maison-emporda.com\/index.php\/quelles-activites\/\">mus\u00e9es<\/a>. Pour le soir,\u00a0 jusqu&rsquo;\u00e0 2H du matin, notre &lsquo;rue de la soif&rsquo; ou Carrer Sant Dom\u00e8nec vous propose un bar \u00e0 bi\u00e8res, un bar \u00e0 vin (o\u00f9 vous pouvez \u00e9galement d\u00eener) et notre coup de coeur \u2764\ufe0f est le <a href=\"https:\/\/maps.app.goo.gl\/k8kNAYZavZU3xMUQ6\">Lizard caf\u00e9<\/a>. Lieu atypique et inclassable, qui accueille souvent le week-end des petits concerts de tous genres!<\/p>\r\n\r\n\r\n\r\n<figure style=\"width: 450px\" class=\"wp-caption aligncenter\"><img loading=\"lazy\" decoding=\"async\" src=\"http:\/\/location-maison-emporda.com\/wp-content\/uploads\/2024\/04\/front-entrance.jpg\" alt=\"\" width=\"450\" height=\"450\" \/><figcaption class=\"wp-caption-text\">Caf\u00e9 LIZARD &#8211; Figueres<\/figcaption><\/figure>\r\n<p>&nbsp;<\/p>\r\n\r\n\r\n","protected":false},"excerpt":{"rendered":"<p>Que faire, o\u00f9 boire un verre et o\u00f9 bien manger, voici nos bons plans et coups de coeur. En compl\u00e9ment des pages sur Castello et Que faire, voici donc, en vrac, nos coups de coeurs. Boire un verre \/ manger ? A Castello m\u00eame, \u00e9vitez le bar sur la pla\u00e7a del Holmes qui pratique des [&hellip;]<\/p>\n","protected":false},"author":1,"featured_media":0,"parent":0,"menu_order":0,"comment_status":"closed","ping_status":"closed","template":"","meta":{"_uf_show_specific_survey":0,"_uf_disable_surveys":false,"footnotes":""},"class_list":["post-14","page","type-page","status-publish","hentry"],"yoast_head":"<!-- This site is optimized with the Yoast SEO plugin v25.0 - https:\/\/yoast.com\/wordpress\/plugins\/seo\/ -->\n<title>Nos bons plans \/ conseils - Casa Mirador d&#039;Emporda<\/title>\n<meta name=\"description\" content=\"Nos bons, plans, conseils et coups de coeur \u00e0 Castello d&#039;Emp\u00faries et dans les alentours.\" \/>\n<meta name=\"robots\" content=\"index, follow, max-snippet:-1, max-image-preview:large, max-video-preview:-1\" \/>\n<link rel=\"canonical\" href=\"http:\/\/www.location-maison-emporda.com\/index.php\/nos-bons-plans-conseils\/\" \/>\n<meta property=\"og:locale\" content=\"fr_FR\" \/>\n<meta property=\"og:type\" content=\"article\" \/>\n<meta property=\"og:title\" content=\"Nos bons plans \/ conseils - Casa Mirador d&#039;Emporda\" \/>\n<meta property=\"og:description\" content=\"Nos bons, plans, conseils et coups de coeur \u00e0 Castello d&#039;Emp\u00faries et dans les alentours.\" \/>\n<meta property=\"og:url\" content=\"http:\/\/www.location-maison-emporda.com\/index.php\/nos-bons-plans-conseils\/\" \/>\n<meta property=\"og:site_name\" content=\"Casa Mirador d&#039;Emporda\" \/>\n<meta property=\"article:modified_time\" content=\"2024-08-10T09:09:42+00:00\" \/>\n<meta property=\"og:image\" content=\"https:\/\/ak-d.tripcdn.com\/images\/0220b12000ch79kh07C16_R_960_660_R5_D.jpg\" \/>\n<meta name=\"twitter:card\" content=\"summary_large_image\" \/>\n<meta name=\"twitter:label1\" content=\"Dur\u00e9e de lecture estim\u00e9e\" \/>\n\t<meta name=\"twitter:data1\" content=\"3 minutes\" \/>\n<script type=\"application\/ld+json\" class=\"yoast-schema-graph\">{\"@context\":\"https:\/\/schema.org\",\"@graph\":[{\"@type\":\"WebPage\",\"@id\":\"http:\/\/www.location-maison-emporda.com\/index.php\/nos-bons-plans-conseils\/\",\"url\":\"http:\/\/www.location-maison-emporda.com\/index.php\/nos-bons-plans-conseils\/\",\"name\":\"Nos bons plans \/ conseils - Casa Mirador d&#039;Emporda\",\"isPartOf\":{\"@id\":\"https:\/\/www.location-maison-emporda.com\/#website\"},\"primaryImageOfPage\":{\"@id\":\"http:\/\/www.location-maison-emporda.com\/index.php\/nos-bons-plans-conseils\/#primaryimage\"},\"image\":{\"@id\":\"http:\/\/www.location-maison-emporda.com\/index.php\/nos-bons-plans-conseils\/#primaryimage\"},\"thumbnailUrl\":\"https:\/\/ak-d.tripcdn.com\/images\/0220b12000ch79kh07C16_R_960_660_R5_D.jpg\",\"datePublished\":\"2024-03-17T09:08:49+00:00\",\"dateModified\":\"2024-08-10T09:09:42+00:00\",\"description\":\"Nos bons, plans, conseils et coups de coeur \u00e0 Castello d'Emp\u00faries et dans les alentours.\",\"breadcrumb\":{\"@id\":\"http:\/\/www.location-maison-emporda.com\/index.php\/nos-bons-plans-conseils\/#breadcrumb\"},\"inLanguage\":\"fr-FR\",\"potentialAction\":[{\"@type\":\"ReadAction\",\"target\":[\"http:\/\/www.location-maison-emporda.com\/index.php\/nos-bons-plans-conseils\/\"]}]},{\"@type\":\"ImageObject\",\"inLanguage\":\"fr-FR\",\"@id\":\"http:\/\/www.location-maison-emporda.com\/index.php\/nos-bons-plans-conseils\/#primaryimage\",\"url\":\"https:\/\/ak-d.tripcdn.com\/images\/0220b12000ch79kh07C16_R_960_660_R5_D.jpg\",\"contentUrl\":\"https:\/\/ak-d.tripcdn.com\/images\/0220b12000ch79kh07C16_R_960_660_R5_D.jpg\"},{\"@type\":\"BreadcrumbList\",\"@id\":\"http:\/\/www.location-maison-emporda.com\/index.php\/nos-bons-plans-conseils\/#breadcrumb\",\"itemListElement\":[{\"@type\":\"ListItem\",\"position\":1,\"name\":\"Accueil\",\"item\":\"https:\/\/www.location-maison-emporda.com\/\"},{\"@type\":\"ListItem\",\"position\":2,\"name\":\"Nos bons plans \/ conseils\"}]},{\"@type\":\"WebSite\",\"@id\":\"https:\/\/www.location-maison-emporda.com\/#website\",\"url\":\"https:\/\/www.location-maison-emporda.com\/\",\"name\":\"Casa Mirador d'Emporda\",\"description\":\"Location maison enti\u00e8re \u00e0 Castello d&#039;Empuries\",\"potentialAction\":[{\"@type\":\"SearchAction\",\"target\":{\"@type\":\"EntryPoint\",\"urlTemplate\":\"https:\/\/www.location-maison-emporda.com\/?s={search_term_string}\"},\"query-input\":{\"@type\":\"PropertyValueSpecification\",\"valueRequired\":true,\"valueName\":\"search_term_string\"}}],\"inLanguage\":\"fr-FR\"}]}<\/script>\n<!-- \/ Yoast SEO plugin. -->","yoast_head_json":{"title":"Nos bons plans \/ conseils - Casa Mirador d&#039;Emporda","description":"Nos bons, plans, conseils et coups de coeur \u00e0 Castello d'Emp\u00faries et dans les alentours.","robots":{"index":"index","follow":"follow","max-snippet":"max-snippet:-1","max-image-preview":"max-image-preview:large","max-video-preview":"max-video-preview:-1"},"canonical":"http:\/\/www.location-maison-emporda.com\/index.php\/nos-bons-plans-conseils\/","og_locale":"fr_FR","og_type":"article","og_title":"Nos bons plans \/ conseils - Casa Mirador d&#039;Emporda","og_description":"Nos bons, plans, conseils et coups de coeur \u00e0 Castello d'Emp\u00faries et dans les alentours.","og_url":"http:\/\/www.location-maison-emporda.com\/index.php\/nos-bons-plans-conseils\/","og_site_name":"Casa Mirador d&#039;Emporda","article_modified_time":"2024-08-10T09:09:42+00:00","og_image":[{"url":"https:\/\/ak-d.tripcdn.com\/images\/0220b12000ch79kh07C16_R_960_660_R5_D.jpg","type":"","width":"","height":""}],"twitter_card":"summary_large_image","twitter_misc":{"Dur\u00e9e de lecture estim\u00e9e":"3 minutes"},"schema":{"@context":"https:\/\/schema.org","@graph":[{"@type":"WebPage","@id":"http:\/\/www.location-maison-emporda.com\/index.php\/nos-bons-plans-conseils\/","url":"http:\/\/www.location-maison-emporda.com\/index.php\/nos-bons-plans-conseils\/","name":"Nos bons plans \/ conseils - Casa Mirador d&#039;Emporda","isPartOf":{"@id":"https:\/\/www.location-maison-emporda.com\/#website"},"primaryImageOfPage":{"@id":"http:\/\/www.location-maison-emporda.com\/index.php\/nos-bons-plans-conseils\/#primaryimage"},"image":{"@id":"http:\/\/www.location-maison-emporda.com\/index.php\/nos-bons-plans-conseils\/#primaryimage"},"thumbnailUrl":"https:\/\/ak-d.tripcdn.com\/images\/0220b12000ch79kh07C16_R_960_660_R5_D.jpg","datePublished":"2024-03-17T09:08:49+00:00","dateModified":"2024-08-10T09:09:42+00:00","description":"Nos bons, plans, conseils et coups de coeur \u00e0 Castello d'Emp\u00faries et dans les alentours.","breadcrumb":{"@id":"http:\/\/www.location-maison-emporda.com\/index.php\/nos-bons-plans-conseils\/#breadcrumb"},"inLanguage":"fr-FR","potentialAction":[{"@type":"ReadAction","target":["http:\/\/www.location-maison-emporda.com\/index.php\/nos-bons-plans-conseils\/"]}]},{"@type":"ImageObject","inLanguage":"fr-FR","@id":"http:\/\/www.location-maison-emporda.com\/index.php\/nos-bons-plans-conseils\/#primaryimage","url":"https:\/\/ak-d.tripcdn.com\/images\/0220b12000ch79kh07C16_R_960_660_R5_D.jpg","contentUrl":"https:\/\/ak-d.tripcdn.com\/images\/0220b12000ch79kh07C16_R_960_660_R5_D.jpg"},{"@type":"BreadcrumbList","@id":"http:\/\/www.location-maison-emporda.com\/index.php\/nos-bons-plans-conseils\/#breadcrumb","itemListElement":[{"@type":"ListItem","position":1,"name":"Accueil","item":"https:\/\/www.location-maison-emporda.com\/"},{"@type":"ListItem","position":2,"name":"Nos bons plans \/ conseils"}]},{"@type":"WebSite","@id":"https:\/\/www.location-maison-emporda.com\/#website","url":"https:\/\/www.location-maison-emporda.com\/","name":"Casa Mirador d'Emporda","description":"Location maison enti\u00e8re \u00e0 Castello d&#039;Empuries","potentialAction":[{"@type":"SearchAction","target":{"@type":"EntryPoint","urlTemplate":"https:\/\/www.location-maison-emporda.com\/?s={search_term_string}"},"query-input":{"@type":"PropertyValueSpecification","valueRequired":true,"valueName":"search_term_string"}}],"inLanguage":"fr-FR"}]}},"_links":{"self":[{"href":"http:\/\/www.location-maison-emporda.com\/index.php\/wp-json\/wp\/v2\/pages\/14","targetHints":{"allow":["GET"]}}],"collection":[{"href":"http:\/\/www.location-maison-emporda.com\/index.php\/wp-json\/wp\/v2\/pages"}],"about":[{"href":"http:\/\/www.location-maison-emporda.com\/index.php\/wp-json\/wp\/v2\/types\/page"}],"author":[{"embeddable":true,"href":"http:\/\/www.location-maison-emporda.com\/index.php\/wp-json\/wp\/v2\/users\/1"}],"replies":[{"embeddable":true,"href":"http:\/\/www.location-maison-emporda.com\/index.php\/wp-json\/wp\/v2\/comments?post=14"}],"version-history":[{"count":22,"href":"http:\/\/www.location-maison-emporda.com\/index.php\/wp-json\/wp\/v2\/pages\/14\/revisions"}],"predecessor-version":[{"id":511,"href":"http:\/\/www.location-maison-emporda.com\/index.php\/wp-json\/wp\/v2\/pages\/14\/revisions\/511"}],"wp:attachment":[{"href":"http:\/\/www.location-maison-emporda.com\/index.php\/wp-json\/wp\/v2\/media?parent=14"}],"curies":[{"name":"wp","href":"https:\/\/api.w.org\/{rel}","templated":true}]}}