	{"id":519,"date":"2025-03-25T11:41:36","date_gmt":"2025-03-25T10:41:36","guid":{"rendered":"https:\/\/www.location-maison-emporda.com\/?page_id=519"},"modified":"2025-03-26T08:39:11","modified_gmt":"2025-03-26T07:39:11","slug":"agenda-culturel","status":"publish","type":"page","link":"http:\/\/www.location-maison-emporda.com\/index.php\/agenda-culturel\/","title":{"rendered":"Agenda culturel"},"content":{"rendered":"<p>Castello d&rsquo;Empuri\u00e8s et Empuriabrava proposent des animations culturelles diverses tout au long de l&rsquo;ann\u00e9e. Voici l&rsquo;agenda des principaux \u00e9v\u00e8nements annuels.<\/p>\n<h2>Mars<\/h2>\n<p>C&rsquo;est le Carnaval qui se d\u00e9roule g\u00e9n\u00e9ralement le 1er week-end du mois.<\/p>\n<p><iframe loading=\"lazy\" style=\"border: none; overflow: hidden;\" src=\"https:\/\/www.facebook.com\/plugins\/post.php?href=https%3A%2F%2Fwww.facebook.com%2Fempuriabravacastello%2Fposts%2Fpfbid0GG1d7Pbiuvc7YG531qUCY1ggLWQvxTPAiDtkCEwdW1QibnnjEskFHo8jTafgTBxql&amp;show_text=true&amp;width=500\" width=\"500\" height=\"728\" frameborder=\"0\" scrolling=\"no\" allowfullscreen=\"allowfullscreen\"><\/iframe><\/p>\n<h2>Mai<\/h2>\n<p>L&rsquo; <strong data-start=\"3\" data-end=\"18\">EmpuriaTast<\/strong> est un \u00e9v\u00e9nement gastronomique annuel qui se tient \u00e0 <strong data-start=\"69\" data-end=\"85\">Empuriabrava (Castell\u00f3 d&rsquo;Emp\u00faries)<\/strong>, offrant aux visiteurs la possibilit\u00e9 de d\u00e9guster une grande vari\u00e9t\u00e9 de cuisine locale dans un cadre unique. En 2025, l&rsquo;Emplira Tant se d\u00e9roule du 29 mai au 1er juin.<\/p>\n<p>L&rsquo;\u00e9v\u00e9nement aura lieu sur la Plaza de las Palmeras, \u00e0 c\u00f4t\u00e9 du Port d&rsquo;Empuriabrava, un lieu embl\u00e9matique qui offre une ambiance accueillante et festive. En plus des d\u00e9gustations gastronomiques, EmpuriaTast disposera d&rsquo;un espace <em data-start=\"667\" data-end=\"678\">chill-out<\/em> o\u00f9 les visiteurs pourront se d\u00e9tendre, profiter de la musique live et partager d&rsquo;agr\u00e9ables moments entre amis et en famille.<a href=\"https:\/\/castelloempuriabrava.com\/fr\/event\/empuriatast\/\"><img loading=\"lazy\" decoding=\"async\" class=\"alignnone wp-image-529 size-medium\" src=\"http:\/\/location-maison-emporda.com\/wp-content\/uploads\/2025\/03\/EmpuriaTasT2018_8044-300x200.jpg\" alt=\"Empuriabrava Tast\" width=\"300\" height=\"200\" srcset=\"http:\/\/location-maison-emporda.com\/wp-content\/uploads\/2025\/03\/EmpuriaTasT2018_8044-300x200.jpg 300w, http:\/\/location-maison-emporda.com\/wp-content\/uploads\/2025\/03\/EmpuriaTasT2018_8044-768x512.jpg 768w, http:\/\/location-maison-emporda.com\/wp-content\/uploads\/2025\/03\/EmpuriaTasT2018_8044.jpg 1024w\" sizes=\"auto, (max-width: 300px) 100vw, 300px\" \/><\/a><\/p>\n<h2>Juillet<\/h2>\n<p>Fin juin-d\u00e9but juillet, c&rsquo;est le festival de musique. Cette ann\u00e9e, il se d\u00e9roule du 30 juin au 6 juillet 2025.<\/p>\n<p>Les concerts se d\u00e9roulent dans des monuments remarquables comme la basilique de Castell\u00f3 d&rsquo;Emp\u00faries, le couvent Santa Clara ou encore la cour du Palais des Comtes&#8230; <a href=\"https:\/\/www.location-maison-emporda.com\/index.php\/acces-contact\/\">\u00e0 deux pas de la Casa Mirador<\/a> !<\/p>\n<p><a href=\"https:\/\/castelloempuriabrava.koobin.com\/?fbclid=IwY2xjawJPaxlleHRuA2FlbQIxMAABHfldERfRWokpQ6xAacbgPF-AudBaWxwJ9odBaN1TQ31mRws-Pldk4WN4DA_aem_WUz7P3qPEjOEqGEiZaJpOg&amp;id_tipo_evento=3\">L&rsquo;entr\u00e9e \u00e0 ces concerts est payante<\/a>.<br \/>\n<iframe loading=\"lazy\" style=\"border: none; overflow: hidden;\" src=\"https:\/\/www.facebook.com\/plugins\/post.php?href=https%3A%2F%2Fwww.facebook.com%2Fempuriabravacastello%2Fposts%2Fpfbid0dh4Drd29qmWG3eL7ACnPpSXHsaVG3KZMQ1cmBWUAVDpkrTeqipNv2chf3iya36RYl&amp;show_text=true&amp;width=500\" width=\"500\" height=\"634\" frameborder=\"0\" scrolling=\"no\" allowfullscreen=\"allowfullscreen\"><\/iframe><\/p>\n<h2>Septembre<\/h2>\n<p>Castell\u00f3 d&rsquo;Emp\u00faries, village m\u00e9di\u00e9val, accueille en septembre le grand festival &lsquo;<a href=\"https:\/\/www.terradetrobadors.com\">Terre des Troubadours<\/a>&lsquo;. En 2025, pour la 33e \u00e9dition, la f\u00eate m\u00e9di\u00e9vale se d\u00e9roulera du 12 au 14 septembre.<\/p>\n<p><img loading=\"lazy\" decoding=\"async\" class=\"alignnone size-medium wp-image-532\" src=\"http:\/\/location-maison-emporda.com\/wp-content\/uploads\/2025\/03\/WhatsApp-Image-2024-10-24-at-14.14.39-2-300x200.jpeg\" alt=\"Festival terre des Troubadours\" width=\"300\" height=\"200\" srcset=\"http:\/\/location-maison-emporda.com\/wp-content\/uploads\/2025\/03\/WhatsApp-Image-2024-10-24-at-14.14.39-2-300x200.jpeg 300w, http:\/\/location-maison-emporda.com\/wp-content\/uploads\/2025\/03\/WhatsApp-Image-2024-10-24-at-14.14.39-2-1024x682.jpeg 1024w, http:\/\/location-maison-emporda.com\/wp-content\/uploads\/2025\/03\/WhatsApp-Image-2024-10-24-at-14.14.39-2-768x512.jpeg 768w, http:\/\/location-maison-emporda.com\/wp-content\/uploads\/2025\/03\/WhatsApp-Image-2024-10-24-at-14.14.39-2-1536x1023.jpeg 1536w, http:\/\/location-maison-emporda.com\/wp-content\/uploads\/2025\/03\/WhatsApp-Image-2024-10-24-at-14.14.39-2-1200x800.jpeg 1200w, http:\/\/location-maison-emporda.com\/wp-content\/uploads\/2025\/03\/WhatsApp-Image-2024-10-24-at-14.14.39-2.jpeg 1600w\" sizes=\"auto, (max-width: 300px) 100vw, 300px\" \/><\/p>\n","protected":false},"excerpt":{"rendered":"<p>Castello d&rsquo;Empuri\u00e8s et Empuriabrava proposent des animations culturelles diverses tout au long de l&rsquo;ann\u00e9e. Voici l&rsquo;agenda des principaux \u00e9v\u00e8nements annuels. Mars C&rsquo;est le Carnaval qui se d\u00e9roule g\u00e9n\u00e9ralement le 1er week-end du mois. Mai L&rsquo; EmpuriaTast est un \u00e9v\u00e9nement gastronomique annuel qui se tient \u00e0 Empuriabrava (Castell\u00f3 d&rsquo;Emp\u00faries), offrant aux visiteurs la possibilit\u00e9 de d\u00e9guster [&hellip;]<\/p>\n","protected":false},"author":1,"featured_media":0,"parent":0,"menu_order":0,"comment_status":"closed","ping_status":"closed","template":"","meta":{"_uf_show_specific_survey":0,"_uf_disable_surveys":false,"footnotes":""},"class_list":["post-519","page","type-page","status-publish","hentry"],"yoast_head":"<!-- This site is optimized with the Yoast SEO plugin v25.0 - https:\/\/yoast.com\/wordpress\/plugins\/seo\/ -->\n<title>Agenda culturel - Casa Mirador d&#039;Emporda<\/title>\n<meta name=\"description\" content=\"Agenda des principaux \u00e9v\u00e9nements se d\u00e9roulant \u00e0 Castello d&#039;Empuries et Empuriabrava, tout au long de l&#039;ann\u00e9e.\" \/>\n<meta name=\"robots\" content=\"index, follow, max-snippet:-1, max-image-preview:large, max-video-preview:-1\" \/>\n<link rel=\"canonical\" href=\"http:\/\/www.location-maison-emporda.com\/index.php\/agenda-culturel\/\" \/>\n<meta property=\"og:locale\" content=\"fr_FR\" \/>\n<meta property=\"og:type\" content=\"article\" \/>\n<meta property=\"og:title\" content=\"Agenda culturel - Casa Mirador d&#039;Emporda\" \/>\n<meta property=\"og:description\" content=\"Agenda des principaux \u00e9v\u00e9nements se d\u00e9roulant \u00e0 Castello d&#039;Empuries et Empuriabrava, tout au long de l&#039;ann\u00e9e.\" \/>\n<meta property=\"og:url\" content=\"http:\/\/www.location-maison-emporda.com\/index.php\/agenda-culturel\/\" \/>\n<meta property=\"og:site_name\" content=\"Casa Mirador d&#039;Emporda\" \/>\n<meta property=\"article:modified_time\" content=\"2025-03-26T07:39:11+00:00\" \/>\n<meta property=\"og:image\" content=\"http:\/\/location-maison-emporda.com\/wp-content\/uploads\/2025\/03\/EmpuriaTasT2018_8044-300x200.jpg\" \/>\n<meta name=\"twitter:card\" content=\"summary_large_image\" \/>\n<meta name=\"twitter:label1\" content=\"Dur\u00e9e de lecture estim\u00e9e\" \/>\n\t<meta name=\"twitter:data1\" content=\"2 minutes\" \/>\n<script type=\"application\/ld+json\" class=\"yoast-schema-graph\">{\"@context\":\"https:\/\/schema.org\",\"@graph\":[{\"@type\":\"WebPage\",\"@id\":\"http:\/\/www.location-maison-emporda.com\/index.php\/agenda-culturel\/\",\"url\":\"http:\/\/www.location-maison-emporda.com\/index.php\/agenda-culturel\/\",\"name\":\"Agenda culturel - Casa Mirador d&#039;Emporda\",\"isPartOf\":{\"@id\":\"http:\/\/www.location-maison-emporda.com\/#website\"},\"primaryImageOfPage\":{\"@id\":\"http:\/\/www.location-maison-emporda.com\/index.php\/agenda-culturel\/#primaryimage\"},\"image\":{\"@id\":\"http:\/\/www.location-maison-emporda.com\/index.php\/agenda-culturel\/#primaryimage\"},\"thumbnailUrl\":\"http:\/\/location-maison-emporda.com\/wp-content\/uploads\/2025\/03\/EmpuriaTasT2018_8044-300x200.jpg\",\"datePublished\":\"2025-03-25T10:41:36+00:00\",\"dateModified\":\"2025-03-26T07:39:11+00:00\",\"description\":\"Agenda des principaux \u00e9v\u00e9nements se d\u00e9roulant \u00e0 Castello d'Empuries et Empuriabrava, tout au long de l'ann\u00e9e.\",\"breadcrumb\":{\"@id\":\"http:\/\/www.location-maison-emporda.com\/index.php\/agenda-culturel\/#breadcrumb\"},\"inLanguage\":\"fr-FR\",\"potentialAction\":[{\"@type\":\"ReadAction\",\"target\":[\"http:\/\/www.location-maison-emporda.com\/index.php\/agenda-culturel\/\"]}]},{\"@type\":\"ImageObject\",\"inLanguage\":\"fr-FR\",\"@id\":\"http:\/\/www.location-maison-emporda.com\/index.php\/agenda-culturel\/#primaryimage\",\"url\":\"http:\/\/location-maison-emporda.com\/wp-content\/uploads\/2025\/03\/EmpuriaTasT2018_8044-300x200.jpg\",\"contentUrl\":\"http:\/\/location-maison-emporda.com\/wp-content\/uploads\/2025\/03\/EmpuriaTasT2018_8044-300x200.jpg\"},{\"@type\":\"BreadcrumbList\",\"@id\":\"http:\/\/www.location-maison-emporda.com\/index.php\/agenda-culturel\/#breadcrumb\",\"itemListElement\":[{\"@type\":\"ListItem\",\"position\":1,\"name\":\"Accueil\",\"item\":\"http:\/\/www.location-maison-emporda.com\/\"},{\"@type\":\"ListItem\",\"position\":2,\"name\":\"Agenda culturel\"}]},{\"@type\":\"WebSite\",\"@id\":\"http:\/\/www.location-maison-emporda.com\/#website\",\"url\":\"http:\/\/www.location-maison-emporda.com\/\",\"name\":\"Casa Mirador d'Emporda\",\"description\":\"Location maison enti\u00e8re \u00e0 Castello d&#039;Empuries\",\"potentialAction\":[{\"@type\":\"SearchAction\",\"target\":{\"@type\":\"EntryPoint\",\"urlTemplate\":\"http:\/\/www.location-maison-emporda.com\/?s={search_term_string}\"},\"query-input\":{\"@type\":\"PropertyValueSpecification\",\"valueRequired\":true,\"valueName\":\"search_term_string\"}}],\"inLanguage\":\"fr-FR\"}]}<\/script>\n<!-- \/ Yoast SEO plugin. -->","yoast_head_json":{"title":"Agenda culturel - Casa Mirador d&#039;Emporda","description":"Agenda des principaux \u00e9v\u00e9nements se d\u00e9roulant \u00e0 Castello d'Empuries et Empuriabrava, tout au long de l'ann\u00e9e.","robots":{"index":"index","follow":"follow","max-snippet":"max-snippet:-1","max-image-preview":"max-image-preview:large","max-video-preview":"max-video-preview:-1"},"canonical":"http:\/\/www.location-maison-emporda.com\/index.php\/agenda-culturel\/","og_locale":"fr_FR","og_type":"article","og_title":"Agenda culturel - Casa Mirador d&#039;Emporda","og_description":"Agenda des principaux \u00e9v\u00e9nements se d\u00e9roulant \u00e0 Castello d'Empuries et Empuriabrava, tout au long de l'ann\u00e9e.","og_url":"http:\/\/www.location-maison-emporda.com\/index.php\/agenda-culturel\/","og_site_name":"Casa Mirador d&#039;Emporda","article_modified_time":"2025-03-26T07:39:11+00:00","og_image":[{"url":"http:\/\/location-maison-emporda.com\/wp-content\/uploads\/2025\/03\/EmpuriaTasT2018_8044-300x200.jpg","type":"","width":"","height":""}],"twitter_card":"summary_large_image","twitter_misc":{"Dur\u00e9e de lecture estim\u00e9e":"2 minutes"},"schema":{"@context":"https:\/\/schema.org","@graph":[{"@type":"WebPage","@id":"http:\/\/www.location-maison-emporda.com\/index.php\/agenda-culturel\/","url":"http:\/\/www.location-maison-emporda.com\/index.php\/agenda-culturel\/","name":"Agenda culturel - Casa Mirador d&#039;Emporda","isPartOf":{"@id":"http:\/\/www.location-maison-emporda.com\/#website"},"primaryImageOfPage":{"@id":"http:\/\/www.location-maison-emporda.com\/index.php\/agenda-culturel\/#primaryimage"},"image":{"@id":"http:\/\/www.location-maison-emporda.com\/index.php\/agenda-culturel\/#primaryimage"},"thumbnailUrl":"http:\/\/location-maison-emporda.com\/wp-content\/uploads\/2025\/03\/EmpuriaTasT2018_8044-300x200.jpg","datePublished":"2025-03-25T10:41:36+00:00","dateModified":"2025-03-26T07:39:11+00:00","description":"Agenda des principaux \u00e9v\u00e9nements se d\u00e9roulant \u00e0 Castello d'Empuries et Empuriabrava, tout au long de l'ann\u00e9e.","breadcrumb":{"@id":"http:\/\/www.location-maison-emporda.com\/index.php\/agenda-culturel\/#breadcrumb"},"inLanguage":"fr-FR","potentialAction":[{"@type":"ReadAction","target":["http:\/\/www.location-maison-emporda.com\/index.php\/agenda-culturel\/"]}]},{"@type":"ImageObject","inLanguage":"fr-FR","@id":"http:\/\/www.location-maison-emporda.com\/index.php\/agenda-culturel\/#primaryimage","url":"http:\/\/location-maison-emporda.com\/wp-content\/uploads\/2025\/03\/EmpuriaTasT2018_8044-300x200.jpg","contentUrl":"http:\/\/location-maison-emporda.com\/wp-content\/uploads\/2025\/03\/EmpuriaTasT2018_8044-300x200.jpg"},{"@type":"BreadcrumbList","@id":"http:\/\/www.location-maison-emporda.com\/index.php\/agenda-culturel\/#breadcrumb","itemListElement":[{"@type":"ListItem","position":1,"name":"Accueil","item":"http:\/\/www.location-maison-emporda.com\/"},{"@type":"ListItem","position":2,"name":"Agenda culturel"}]},{"@type":"WebSite","@id":"http:\/\/www.location-maison-emporda.com\/#website","url":"http:\/\/www.location-maison-emporda.com\/","name":"Casa Mirador d'Emporda","description":"Location maison enti\u00e8re \u00e0 Castello d&#039;Empuries","potentialAction":[{"@type":"SearchAction","target":{"@type":"EntryPoint","urlTemplate":"http:\/\/www.location-maison-emporda.com\/?s={search_term_string}"},"query-input":{"@type":"PropertyValueSpecification","valueRequired":true,"valueName":"search_term_string"}}],"inLanguage":"fr-FR"}]}},"_links":{"self":[{"href":"http:\/\/www.location-maison-emporda.com\/index.php\/wp-json\/wp\/v2\/pages\/519","targetHints":{"allow":["GET"]}}],"collection":[{"href":"http:\/\/www.location-maison-emporda.com\/index.php\/wp-json\/wp\/v2\/pages"}],"about":[{"href":"http:\/\/www.location-maison-emporda.com\/index.php\/wp-json\/wp\/v2\/types\/page"}],"author":[{"embeddable":true,"href":"http:\/\/www.location-maison-emporda.com\/index.php\/wp-json\/wp\/v2\/users\/1"}],"replies":[{"embeddable":true,"href":"http:\/\/www.location-maison-emporda.com\/index.php\/wp-json\/wp\/v2\/comments?post=519"}],"version-history":[{"count":10,"href":"http:\/\/www.location-maison-emporda.com\/index.php\/wp-json\/wp\/v2\/pages\/519\/revisions"}],"predecessor-version":[{"id":534,"href":"http:\/\/www.location-maison-emporda.com\/index.php\/wp-json\/wp\/v2\/pages\/519\/revisions\/534"}],"wp:attachment":[{"href":"http:\/\/www.location-maison-emporda.com\/index.php\/wp-json\/wp\/v2\/media?parent=519"}],"curies":[{"name":"wp","href":"https:\/\/api.w.org\/{rel}","templated":true}]}}