	{"id":8,"date":"2024-03-17T09:55:55","date_gmt":"2024-03-17T08:55:55","guid":{"rendered":"http:\/\/location-maison-emporda.com\/mirador-castello-empuries\/?page_id=8"},"modified":"2024-08-10T11:03:11","modified_gmt":"2024-08-10T09:03:11","slug":"la-maison","status":"publish","type":"page","link":"http:\/\/www.location-maison-emporda.com\/index.php\/la-maison\/","title":{"rendered":"La maison"},"content":{"rendered":"\r\n<p>La maison Casa Mirador d&rsquo;Emporda, se situe en plein coeur du village de Castello d&rsquo;Emp\u00faries, juste \u00e0 c\u00f4t\u00e9 de la place Dels Homes o\u00f9 se trouve l&rsquo;Office du Tourisme.<\/p>\r\n\r\n\r\n\r\n<p><iframe loading=\"lazy\" style=\"border: 0;\" src=\"https:\/\/www.google.com\/maps\/embed?pb=!1m18!1m12!1m3!1d1006.4249294995981!2d3.074049112657792!3d42.25826613243963!2m3!1f0!2f0!3f0!3m2!1i1024!2i768!4f13.1!3m3!1m2!1s0x12ba8a3e0593c797%3A0x2b5a6db3a254d92d!2sOficina%20de%20Turisme%20de%20Castell%C3%B3%20d'Emp%C3%BAries!5e1!3m2!1sfr!2sfr!4v1710665668923!5m2!1sfr!2sfr\" width=\"600\" height=\"450\" allowfullscreen=\"allowfullscreen\"><\/iframe><\/p>\r\n\r\n\r\n\r\n<p>La maison fait 240 M2, y compris un toit terrasse de 17 M2, r\u00e9partie sur 4 niveaux.<\/p>\r\n\r\n\r\n\r\n<h2 class=\"wp-block-heading\">Les voutes catalanes<\/h2>\r\n\r\n\r\n\r\n<p>Tout en bas, se situe le salon, salle \u00e0 manger, cuisine avec ses vo\u00fbtes catalanes. Cette pi\u00e8ce est accessible directement par la &lsquo;carrer de la moneda&rsquo; et le petit parking qui s&rsquo;y trouve.<\/p>\r\n\r\n\r\n\r\n<p>Cette pi\u00e8ce fait 35 M2 et se d\u00e9compose en deux parties avec une cuisine \/ salle \u00e0 manger neuve et totalement \u00e9quip\u00e9e et un coin salon.<\/p>\r\n\r\n\r\n\r\n<p>Le canap\u00e9 est convertible pour accueillir deux personnes dans un lit de 140&#8230;. et un baby-foot de bar pour bien lancer l&rsquo;ap\u00e9ro !<\/p>\r\n\r\n\r\n\r\n<p>Quelques marches vous am\u00e8nent \u00e0 des toilettes ind\u00e9pendantes.<\/p>\r\n\r\n\r\n\r\n<figure class=\"wp-block-gallery has-nested-images columns-default is-cropped wp-block-gallery-1 is-layout-flex wp-block-gallery-is-layout-flex\">\r\n<figure class=\"wp-block-image size-large\"><img decoding=\"async\" data-id=\"374\" src=\"http:\/\/location-maison-emporda.com\/wp-content\/uploads\/2024\/04\/Unknown-4-768x1024.jpg\" alt=\"\" \/>\r\n<figcaption class=\"wp-element-caption\">Salon avec babyfoot<\/figcaption>\r\n<\/figure>\r\n\r\n\r\n\r\n<figure class=\"wp-block-image size-large\"><img decoding=\"async\" data-id=\"29\" src=\"http:\/\/location-maison-emporda.com\/wp-content\/uploads\/2024\/03\/WhatsApp-Image-2024-03-08-at-09.58.37-2-768x1024.jpeg\" alt=\"\" \/><\/figure>\r\n\r\n\r\n\r\n<figure class=\"wp-block-image size-large\"><img decoding=\"async\" data-id=\"372\" src=\"http:\/\/location-maison-emporda.com\/wp-content\/uploads\/2024\/04\/Unknown-2-768x1024.jpg\" alt=\"&quot;\" \/>\r\n<figcaption class=\"wp-element-caption\">Salon voutes catalanes<\/figcaption>\r\n<\/figure>\r\n<\/figure>\r\n\r\n\r\n\r\n<h2 class=\"wp-block-heading\">L&rsquo;entr\u00e9e<\/h2>\r\n\r\n\r\n\r\n<p>Entr\u00e9e principale de la maison par la carrer &lsquo;Alfons XIII&rsquo;, qui fut roi d&rsquo;Espagne, de sa naissance en 1886 jusqu&rsquo;\u00e0 la proclamation de la r\u00e9publique en 1931. Vous y trouverez toute la documentation n\u00e9cessaire pour vos balades et d\u00e9couvertes de la r\u00e9gion.<\/p>\r\n\r\n\r\n\r\n<p>Nous mettons \u00e9galement 5 v\u00e9los (2 adultes, 1 femme et 2 enfants) \u00e0 votre disposition.<\/p>\r\n\r\n\r\n\r\n<figure class=\"wp-block-gallery has-nested-images columns-default is-cropped wp-block-gallery-2 is-layout-flex wp-block-gallery-is-layout-flex\">\r\n<figure class=\"wp-block-image size-large\"><img decoding=\"async\" data-id=\"391\" src=\"http:\/\/location-maison-emporda.com\/wp-content\/uploads\/2024\/06\/entree1-1024x768.jpeg\" alt=\"\" \/><\/figure>\r\n\r\n\r\n\r\n<figure class=\"wp-block-image size-large\"><img decoding=\"async\" data-id=\"392\" src=\"http:\/\/location-maison-emporda.com\/wp-content\/uploads\/2024\/06\/entree2-768x1024.jpeg\" alt=\"\" \/><\/figure>\r\n<\/figure>\r\n\r\n\r\n\r\n<h2 class=\"wp-block-heading\">La buanderie<\/h2>\r\n\r\n\r\n\r\n<p>Pi\u00e8ce attenante \u00e0 l&rsquo;entr\u00e9e, elle dispose d&rsquo;un lave-linge, d&rsquo;un s\u00e8che-linge et d&rsquo;un \u00e9tendoir.<\/p>\r\n\r\n\r\n\r\n<h2 class=\"wp-block-heading\">Chambre &lsquo;Besal\u00fa&rsquo;<\/h2>\r\n\r\n\r\n\r\n<p>En empruntant l&rsquo;escalier, vous arriverez \u00e0 une premi\u00e8re chambre individuelle de 10 M2, avec un lit de 90.<\/p>\r\n\r\n\r\n\r\n<figure class=\"wp-block-gallery has-nested-images columns-default is-cropped wp-block-gallery-3 is-layout-flex wp-block-gallery-is-layout-flex\">\r\n<figure class=\"wp-block-image size-large\"><img decoding=\"async\" data-id=\"394\" src=\"http:\/\/location-maison-emporda.com\/wp-content\/uploads\/2024\/06\/chambre-escalier-2-1024x768.jpeg\" alt=\"\" \/><\/figure>\r\n\r\n\r\n\r\n<figure class=\"wp-block-image size-large\"><img decoding=\"async\" data-id=\"381\" src=\"http:\/\/location-maison-emporda.com\/wp-content\/uploads\/2024\/05\/WhatsApp-Image-2024-05-03-at-11.56.53-3-768x1024.jpeg\" alt=\"\" \/><\/figure>\r\n\r\n\r\n\r\n<figure class=\"wp-block-image size-large\"><img decoding=\"async\" data-id=\"380\" src=\"http:\/\/location-maison-emporda.com\/wp-content\/uploads\/2024\/05\/WhatsApp-Image-2024-05-03-at-11.56.53-768x1024.jpeg\" alt=\"\" \/><\/figure>\r\n<\/figure>\r\n\r\n\r\n\r\n<h2 class=\"wp-block-heading\">Chambre &lsquo;Empuriabrava&rsquo;<\/h2>\r\n\r\n\r\n\r\n<p>Quelques marches suppl\u00e9mentaires et vous \u00eates dans la seconde chambre individuelle d&rsquo;une superficie similaire.<\/p>\r\n\r\n\r\n\r\n<figure class=\"wp-block-image size-large\"><img decoding=\"async\" src=\"http:\/\/location-maison-emporda.com\/wp-content\/uploads\/2024\/03\/WhatsApp-Image-2024-03-08-at-09.58.43-2-768x1024.jpeg\" alt=\"\" \/>\r\n<figcaption class=\"wp-element-caption\">Chambre Empuriabrava<\/figcaption>\r\n<\/figure>\r\n\r\n\r\n\r\n<h2 class=\"wp-block-heading\">1er \u00e9tage &#8211; &lsquo;Serra de Rodes&rsquo;<\/h2>\r\n\r\n\r\n\r\n<p>Le premier \u00e9tage (50 M2) dessert trois chambres et une salle de bain, dispos\u00e9s autour d&rsquo;un petit salon.<\/p>\r\n\r\n\r\n\r\n<h4 class=\"wp-block-heading\">La salle de bain<\/h4>\r\n\r\n\r\n\r\n<p>Elle comprend un bain, comme son nom l&rsquo;indique et un WC.<\/p>\r\n\r\n\r\n\r\n<figure class=\"wp-block-gallery has-nested-images columns-default is-cropped wp-block-gallery-4 is-layout-flex wp-block-gallery-is-layout-flex\">\r\n<figure class=\"wp-block-image size-large\"><img decoding=\"async\" data-id=\"41\" src=\"http:\/\/location-maison-emporda.com\/wp-content\/uploads\/2024\/03\/WhatsApp-Image-2024-03-08-at-09.58.45-2-768x1024.jpeg\" alt=\"\" \/>\r\n<figcaption class=\"wp-element-caption\">Salle de bain<\/figcaption>\r\n<\/figure>\r\n<\/figure>\r\n\r\n\r\n\r\n<h4 class=\"wp-block-heading\">Le salon<\/h4>\r\n\r\n\r\n\r\n<p>Petit salon desservant les 3 chambres, il poss\u00e8de un canap\u00e9 et une t\u00e9l\u00e9 pour que vos enfants puissent se divertir en regardant un de nombreux DVD \u00e0 disposition.<\/p>\r\n\r\n\r\n\r\n<figure class=\"wp-block-image size-large\"><img decoding=\"async\" src=\"http:\/\/location-maison-emporda.com\/wp-content\/uploads\/2024\/03\/WhatsApp-Image-2024-03-08-at-09.58.45-768x1024.jpeg\" alt=\"\" \/>\r\n<figcaption class=\"wp-element-caption\">Salon &#8211; 1er \u00e9tage<\/figcaption>\r\n<\/figure>\r\n\r\n\r\n\r\n<h4 class=\"wp-block-heading\">Chambre &lsquo;San Pere de Rhodes&rsquo;<\/h4>\r\n\r\n\r\n\r\n<p>Habitation avec un lit 140 et une armoire. Cette chambre donne sur la carrer &lsquo;Del Punyalet&rsquo; (poignard en fran\u00e7ais !).<\/p>\r\n\r\n\r\n\r\n<figure class=\"wp-block-image size-large is-resized\"><img decoding=\"async\" src=\"http:\/\/location-maison-emporda.com\/wp-content\/uploads\/2024\/03\/WhatsApp-Image-2024-03-08-at-09.58.43-3-768x1024.jpeg\" alt=\"\" \/>\r\n<figcaption class=\"wp-element-caption\">Chambre San Perre de Rhodes<\/figcaption>\r\n<\/figure>\r\n\r\n\r\n\r\n<h4 class=\"wp-block-heading\">Chambre Peralada<\/h4>\r\n\r\n\r\n\r\n<p>Cette chambre qui accueillera vos enfants est compos\u00e9e d&rsquo;un lit simple et d&rsquo;une mezzanine pouvant accueillir 2 \u00e0 3 jeunes enfants (de 5 \u00e0 10 ans). Elle dispose \u00e9galement d&rsquo;une armoire et donne sur la carrer &lsquo;Del Punyalet&rsquo;.<\/p>\r\n\r\n\r\n\r\n<figure class=\"wp-block-gallery has-nested-images columns-default is-cropped wp-block-gallery-5 is-layout-flex wp-block-gallery-is-layout-flex\">\r\n<figure class=\"wp-block-image size-large\"><img decoding=\"async\" data-id=\"40\" src=\"http:\/\/location-maison-emporda.com\/wp-content\/uploads\/2024\/03\/WhatsApp-Image-2024-03-08-at-09.58.44-768x1024.jpeg\" alt=\"\" \/>\r\n<figcaption class=\"wp-element-caption\">Chambre Peralada<\/figcaption>\r\n<\/figure>\r\n<\/figure>\r\n\r\n\r\n\r\n<h4 class=\"wp-block-heading\">Chambre parentale Ros\u00e8s<\/h4>\r\n\r\n\r\n\r\n<p>Pi\u00e8ce spacieuse avec son grand lit et son grand placard. Elle dispose \u00e9galement d&rsquo;un petit balcon qui donne sur la carrer &lsquo;Alfons XIII&rsquo;.<\/p>\r\n\r\n\r\n\r\n<figure class=\"wp-block-gallery has-nested-images columns-default is-cropped wp-block-gallery-6 is-layout-flex wp-block-gallery-is-layout-flex\">\r\n<figure class=\"wp-block-image size-large\"><img decoding=\"async\" data-id=\"39\" src=\"http:\/\/location-maison-emporda.com\/wp-content\/uploads\/2024\/03\/WhatsApp-Image-2024-03-08-at-09.58.44-3-768x1024.jpeg\" alt=\"\" \/><\/figure>\r\n\r\n\r\n\r\n<figure class=\"wp-block-image size-large\"><img decoding=\"async\" data-id=\"38\" src=\"http:\/\/location-maison-emporda.com\/wp-content\/uploads\/2024\/03\/WhatsApp-Image-2024-03-08-at-09.58.44-2-768x1024.jpeg\" alt=\"\" \/>\r\n<figcaption class=\"wp-element-caption\">Chambre parentale Roses<\/figcaption>\r\n<\/figure>\r\n<\/figure>\r\n\r\n\r\n\r\n<h2 class=\"wp-block-heading\">2e \u00e9tage &#8211; La Garrotxa<\/h2>\r\n\r\n\r\n\r\n<p>A gauche la salle d&rsquo;eau et \u00e0 droite le grand salon et deux chambres suppl\u00e9mentaires (50 M2).<\/p>\r\n\r\n\r\n\r\n<h4 class=\"wp-block-heading\">La salle de douche<\/h4>\r\n\r\n\r\n\r\n<p>Grande salle d&rsquo;eau avec une douche, deux lavabos et des toilettes.<\/p>\r\n\r\n\r\n\r\n<figure class=\"wp-block-gallery has-nested-images columns-default is-cropped wp-block-gallery-7 is-layout-flex wp-block-gallery-is-layout-flex\">\r\n<figure class=\"wp-block-image size-large\"><img decoding=\"async\" data-id=\"53\" src=\"http:\/\/location-maison-emporda.com\/wp-content\/uploads\/2024\/03\/WhatsApp-Image-2024-03-08-at-09.58.51-768x1024.jpeg\" alt=\"\" \/><\/figure>\r\n\r\n\r\n\r\n<figure class=\"wp-block-image size-large\"><img decoding=\"async\" data-id=\"47\" src=\"http:\/\/location-maison-emporda.com\/wp-content\/uploads\/2024\/03\/WhatsApp-Image-2024-03-08-at-09.58.50-768x1024.jpeg\" alt=\"\" \/><\/figure>\r\n\r\n\r\n\r\n<figure class=\"wp-block-image size-large\"><img decoding=\"async\" data-id=\"395\" src=\"http:\/\/location-maison-emporda.com\/wp-content\/uploads\/2024\/06\/SALLE_DOUCHE2-768x1024.jpeg\" alt=\"\" \/>\r\n<figcaption class=\"wp-element-caption\">Salle de douche<\/figcaption>\r\n<\/figure>\r\n<\/figure>\r\n\r\n\r\n\r\n<h4 class=\"wp-block-heading\">Le salon<\/h4>\r\n\r\n\r\n\r\n<p>Cette pi\u00e8ce tr\u00e8s haute de plafond, disposant de la climatisation, vous accueillera pour les chaudes journ\u00e9es d&rsquo;\u00e9t\u00e9. Elle dessert deux chambres et le toit terrasse.<\/p>\r\n\r\n\r\n\r\n<figure class=\"wp-block-gallery has-nested-images columns-default is-cropped wp-block-gallery-8 is-layout-flex wp-block-gallery-is-layout-flex\">\r\n<figure class=\"wp-block-image size-large\"><img decoding=\"async\" data-id=\"23\" src=\"http:\/\/location-maison-emporda.com\/wp-content\/uploads\/2024\/03\/WhatsApp-Image-2024-03-07-at-10.48.18-768x1024.jpeg\" alt=\"\" \/><\/figure>\r\n\r\n\r\n\r\n<figure class=\"wp-block-image size-large\"><img decoding=\"async\" data-id=\"25\" src=\"http:\/\/location-maison-emporda.com\/wp-content\/uploads\/2024\/03\/WhatsApp-Image-2024-03-07-at-10.48.19-3-768x1024.jpeg\" alt=\"\" \/><\/figure>\r\n\r\n\r\n\r\n<figure class=\"wp-block-image size-large\"><img decoding=\"async\" data-id=\"27\" src=\"http:\/\/location-maison-emporda.com\/wp-content\/uploads\/2024\/03\/WhatsApp-Image-2024-03-07-at-10.48.20-768x1024.jpeg\" alt=\"\" \/><\/figure>\r\n<\/figure>\r\n\r\n\r\n\r\n<h4 class=\"wp-block-heading\">Chambre parentale Figueras<\/h4>\r\n\r\n\r\n\r\n<p>Grande chambre parentale disposant de sa biblioth\u00e8que et des tr\u00e8s grands placards, elle donne sur la carrer &lsquo;Del Punyalet&rsquo;. La chambre a \u00e9galement sa propre climatisation.<\/p>\r\n\r\n\r\n\r\n<figure class=\"wp-block-gallery has-nested-images columns-default is-cropped wp-block-gallery-9 is-layout-flex wp-block-gallery-is-layout-flex\">\r\n<figure class=\"wp-block-image size-large\"><img decoding=\"async\" data-id=\"48\" src=\"http:\/\/location-maison-emporda.com\/wp-content\/uploads\/2024\/03\/WhatsApp-Image-2024-03-08-at-09.58.51-2-768x1024.jpeg\" alt=\"\" \/><\/figure>\r\n\r\n\r\n\r\n<figure class=\"wp-block-image size-large\"><img decoding=\"async\" data-id=\"50\" src=\"http:\/\/location-maison-emporda.com\/wp-content\/uploads\/2024\/03\/WhatsApp-Image-2024-03-08-at-09.58.51-4-768x1024.jpeg\" alt=\"\" \/><\/figure>\r\n\r\n\r\n\r\n<figure class=\"wp-block-image size-large\"><img decoding=\"async\" data-id=\"52\" src=\"http:\/\/location-maison-emporda.com\/wp-content\/uploads\/2024\/03\/WhatsApp-Image-2024-03-08-at-09.58.51-6-768x1024.jpeg\" alt=\"\" \/><\/figure>\r\n<\/figure>\r\n\r\n\r\n\r\n<h4 class=\"wp-block-heading\">Chambre G\u00e9rone<\/h4>\r\n\r\n\r\n\r\n<p>Habitation avec canap\u00e9 convertible donnant sur le salon et la carrer &lsquo;Alfons XIII&rsquo;.<\/p>\r\n\r\n\r\n\r\n<figure class=\"wp-block-gallery has-nested-images columns-default is-cropped wp-block-gallery-10 is-layout-flex wp-block-gallery-is-layout-flex\">\r\n<figure class=\"wp-block-image size-large\"><img decoding=\"async\" data-id=\"396\" src=\"http:\/\/location-maison-emporda.com\/wp-content\/uploads\/2024\/06\/canape-convertible-768x1024.jpeg\" alt=\"\" \/><\/figure>\r\n\r\n\r\n\r\n<figure class=\"wp-block-image size-large\"><img decoding=\"async\" data-id=\"397\" src=\"http:\/\/location-maison-emporda.com\/wp-content\/uploads\/2024\/06\/dvd-768x1024.jpeg\" alt=\"\" \/>\r\n<figcaption class=\"wp-element-caption\">Chambre G\u00e9rone<\/figcaption>\r\n<\/figure>\r\n<\/figure>\r\n\r\n\r\n\r\n<h2 class=\"wp-block-heading\">Terrasse &#8211; Mirador d&rsquo;Emporda<\/h2>\r\n\r\n\r\n\r\n<p>Le toit terrasse, d&rsquo;une superficie de 17 M2, embrasse toute la <a href=\"http:\/\/location-maison-emporda.com\/index.php\/que-faire\/\" target=\"_blank\" rel=\"noreferrer noopener\">baie de Roses<\/a>, et au premier plan le village domin\u00e9 par sa &lsquo;<a href=\"https:\/\/castelloempuriabrava.com\/fr\/que-visitar\/basilica-de-santa-maria-2\/\">cath\u00e9drale<\/a>. Un barbecue \u00e0 gaz vous permettra de profitez de la vue et du beau pendant vos repas.<\/p>\r\n\r\n\r\n\r\n<figure class=\"wp-block-gallery has-nested-images columns-default is-cropped wp-block-gallery-11 is-layout-flex wp-block-gallery-is-layout-flex\">\r\n<figure class=\"wp-block-image size-large\"><img decoding=\"async\" data-id=\"378\" class=\"wp-element-caption\" src=\"http:\/\/location-maison-emporda.com\/wp-content\/uploads\/2024\/05\/WhatsApp-Image-2024-05-05-at-11.06.20-768x1024.jpeg\" alt=\"\" \/>Terrasse avec barbecue \u00e0 gaz<\/figure>\r\n\r\n\r\n\r\n<figure class=\"wp-block-image size-large\"><img decoding=\"async\" data-id=\"21\" src=\"http:\/\/location-maison-emporda.com\/wp-content\/uploads\/2024\/03\/WhatsApp-Image-2024-03-07-at-10.33.28-4-768x1024.jpeg\" alt=\"\" \/>\r\n<figcaption class=\"wp-element-caption\">Toit Terrasse<\/figcaption>\r\n<\/figure>\r\n\r\n\r\n\r\n<figure class=\"wp-block-image size-large\"><img decoding=\"async\" data-id=\"22\" src=\"http:\/\/location-maison-emporda.com\/wp-content\/uploads\/2024\/03\/WhatsApp-Image-2024-03-07-at-10.33.28-768x1024.jpeg\" alt=\"\" \/><\/figure>\r\n<\/figure>\r\n","protected":false},"excerpt":{"rendered":"<p>La maison Casa Mirador d&rsquo;Emporda, se situe en plein coeur du village de Castello d&rsquo;Emp\u00faries, juste \u00e0 c\u00f4t\u00e9 de la place Dels Homes o\u00f9 se trouve l&rsquo;Office du Tourisme. La maison fait 240 M2, y compris un toit terrasse de 17 M2, r\u00e9partie sur 4 niveaux. Les voutes catalanes Tout en bas, se situe le [&hellip;]<\/p>\n","protected":false},"author":1,"featured_media":0,"parent":0,"menu_order":0,"comment_status":"closed","ping_status":"closed","template":"","meta":{"_uf_show_specific_survey":0,"_uf_disable_surveys":false,"footnotes":""},"class_list":["post-8","page","type-page","status-publish","hentry"],"yoast_head":"<!-- This site is optimized with the Yoast SEO plugin v25.0 - https:\/\/yoast.com\/wordpress\/plugins\/seo\/ -->\n<title>La maison - Casa Mirador d&#039;Emporda<\/title>\n<meta name=\"description\" content=\"Notre maison, la Casa Mirador d&#039;Emporda, se situe en plein coeur du village m\u00e9di\u00e9val de Castell\u00f3 d&#039;Emp\u00faries.\" \/>\n<meta name=\"robots\" content=\"index, follow, max-snippet:-1, max-image-preview:large, max-video-preview:-1\" \/>\n<link rel=\"canonical\" href=\"https:\/\/www.location-maison-emporda.com\/index.php\/la-maison\/\" \/>\n<meta property=\"og:locale\" content=\"fr_FR\" \/>\n<meta property=\"og:type\" content=\"article\" \/>\n<meta property=\"og:title\" content=\"La maison - Casa Mirador d&#039;Emporda\" \/>\n<meta property=\"og:description\" content=\"Notre maison, la Casa Mirador d&#039;Emporda, se situe en plein coeur du village m\u00e9di\u00e9val de Castell\u00f3 d&#039;Emp\u00faries.\" \/>\n<meta property=\"og:url\" content=\"https:\/\/www.location-maison-emporda.com\/index.php\/la-maison\/\" \/>\n<meta property=\"og:site_name\" content=\"Casa Mirador d&#039;Emporda\" \/>\n<meta property=\"article:modified_time\" content=\"2024-08-10T09:03:11+00:00\" \/>\n<meta property=\"og:image\" content=\"http:\/\/location-maison-emporda.com\/wp-content\/uploads\/2024\/04\/Unknown-4-768x1024.jpg\" \/>\n<meta name=\"twitter:card\" content=\"summary_large_image\" \/>\n<meta name=\"twitter:label1\" content=\"Dur\u00e9e de lecture estim\u00e9e\" \/>\n\t<meta name=\"twitter:data1\" content=\"9 minutes\" \/>\n<script type=\"application\/ld+json\" class=\"yoast-schema-graph\">{\"@context\":\"https:\/\/schema.org\",\"@graph\":[{\"@type\":\"WebPage\",\"@id\":\"https:\/\/www.location-maison-emporda.com\/index.php\/la-maison\/\",\"url\":\"https:\/\/www.location-maison-emporda.com\/index.php\/la-maison\/\",\"name\":\"La maison - Casa Mirador d&#039;Emporda\",\"isPartOf\":{\"@id\":\"http:\/\/www.location-maison-emporda.com\/#website\"},\"primaryImageOfPage\":{\"@id\":\"https:\/\/www.location-maison-emporda.com\/index.php\/la-maison\/#primaryimage\"},\"image\":{\"@id\":\"https:\/\/www.location-maison-emporda.com\/index.php\/la-maison\/#primaryimage\"},\"thumbnailUrl\":\"http:\/\/location-maison-emporda.com\/wp-content\/uploads\/2024\/04\/Unknown-4-768x1024.jpg\",\"datePublished\":\"2024-03-17T08:55:55+00:00\",\"dateModified\":\"2024-08-10T09:03:11+00:00\",\"description\":\"Notre maison, la Casa Mirador d'Emporda, se situe en plein coeur du village m\u00e9di\u00e9val de Castell\u00f3 d'Emp\u00faries.\",\"breadcrumb\":{\"@id\":\"https:\/\/www.location-maison-emporda.com\/index.php\/la-maison\/#breadcrumb\"},\"inLanguage\":\"fr-FR\",\"potentialAction\":[{\"@type\":\"ReadAction\",\"target\":[\"https:\/\/www.location-maison-emporda.com\/index.php\/la-maison\/\"]}]},{\"@type\":\"ImageObject\",\"inLanguage\":\"fr-FR\",\"@id\":\"https:\/\/www.location-maison-emporda.com\/index.php\/la-maison\/#primaryimage\",\"url\":\"http:\/\/location-maison-emporda.com\/wp-content\/uploads\/2024\/04\/Unknown-4-768x1024.jpg\",\"contentUrl\":\"http:\/\/location-maison-emporda.com\/wp-content\/uploads\/2024\/04\/Unknown-4-768x1024.jpg\"},{\"@type\":\"BreadcrumbList\",\"@id\":\"https:\/\/www.location-maison-emporda.com\/index.php\/la-maison\/#breadcrumb\",\"itemListElement\":[{\"@type\":\"ListItem\",\"position\":1,\"name\":\"Accueil\",\"item\":\"http:\/\/www.location-maison-emporda.com\/\"},{\"@type\":\"ListItem\",\"position\":2,\"name\":\"La maison\"}]},{\"@type\":\"WebSite\",\"@id\":\"http:\/\/www.location-maison-emporda.com\/#website\",\"url\":\"http:\/\/www.location-maison-emporda.com\/\",\"name\":\"Casa Mirador d'Emporda\",\"description\":\"Location maison enti\u00e8re \u00e0 Castello d&#039;Empuries\",\"potentialAction\":[{\"@type\":\"SearchAction\",\"target\":{\"@type\":\"EntryPoint\",\"urlTemplate\":\"http:\/\/www.location-maison-emporda.com\/?s={search_term_string}\"},\"query-input\":{\"@type\":\"PropertyValueSpecification\",\"valueRequired\":true,\"valueName\":\"search_term_string\"}}],\"inLanguage\":\"fr-FR\"}]}<\/script>\n<!-- \/ Yoast SEO plugin. -->","yoast_head_json":{"title":"La maison - Casa Mirador d&#039;Emporda","description":"Notre maison, la Casa Mirador d'Emporda, se situe en plein coeur du village m\u00e9di\u00e9val de Castell\u00f3 d'Emp\u00faries.","robots":{"index":"index","follow":"follow","max-snippet":"max-snippet:-1","max-image-preview":"max-image-preview:large","max-video-preview":"max-video-preview:-1"},"canonical":"https:\/\/www.location-maison-emporda.com\/index.php\/la-maison\/","og_locale":"fr_FR","og_type":"article","og_title":"La maison - Casa Mirador d&#039;Emporda","og_description":"Notre maison, la Casa Mirador d'Emporda, se situe en plein coeur du village m\u00e9di\u00e9val de Castell\u00f3 d'Emp\u00faries.","og_url":"https:\/\/www.location-maison-emporda.com\/index.php\/la-maison\/","og_site_name":"Casa Mirador d&#039;Emporda","article_modified_time":"2024-08-10T09:03:11+00:00","og_image":[{"url":"http:\/\/location-maison-emporda.com\/wp-content\/uploads\/2024\/04\/Unknown-4-768x1024.jpg","type":"","width":"","height":""}],"twitter_card":"summary_large_image","twitter_misc":{"Dur\u00e9e de lecture estim\u00e9e":"9 minutes"},"schema":{"@context":"https:\/\/schema.org","@graph":[{"@type":"WebPage","@id":"https:\/\/www.location-maison-emporda.com\/index.php\/la-maison\/","url":"https:\/\/www.location-maison-emporda.com\/index.php\/la-maison\/","name":"La maison - Casa Mirador d&#039;Emporda","isPartOf":{"@id":"http:\/\/www.location-maison-emporda.com\/#website"},"primaryImageOfPage":{"@id":"https:\/\/www.location-maison-emporda.com\/index.php\/la-maison\/#primaryimage"},"image":{"@id":"https:\/\/www.location-maison-emporda.com\/index.php\/la-maison\/#primaryimage"},"thumbnailUrl":"http:\/\/location-maison-emporda.com\/wp-content\/uploads\/2024\/04\/Unknown-4-768x1024.jpg","datePublished":"2024-03-17T08:55:55+00:00","dateModified":"2024-08-10T09:03:11+00:00","description":"Notre maison, la Casa Mirador d'Emporda, se situe en plein coeur du village m\u00e9di\u00e9val de Castell\u00f3 d'Emp\u00faries.","breadcrumb":{"@id":"https:\/\/www.location-maison-emporda.com\/index.php\/la-maison\/#breadcrumb"},"inLanguage":"fr-FR","potentialAction":[{"@type":"ReadAction","target":["https:\/\/www.location-maison-emporda.com\/index.php\/la-maison\/"]}]},{"@type":"ImageObject","inLanguage":"fr-FR","@id":"https:\/\/www.location-maison-emporda.com\/index.php\/la-maison\/#primaryimage","url":"http:\/\/location-maison-emporda.com\/wp-content\/uploads\/2024\/04\/Unknown-4-768x1024.jpg","contentUrl":"http:\/\/location-maison-emporda.com\/wp-content\/uploads\/2024\/04\/Unknown-4-768x1024.jpg"},{"@type":"BreadcrumbList","@id":"https:\/\/www.location-maison-emporda.com\/index.php\/la-maison\/#breadcrumb","itemListElement":[{"@type":"ListItem","position":1,"name":"Accueil","item":"http:\/\/www.location-maison-emporda.com\/"},{"@type":"ListItem","position":2,"name":"La maison"}]},{"@type":"WebSite","@id":"http:\/\/www.location-maison-emporda.com\/#website","url":"http:\/\/www.location-maison-emporda.com\/","name":"Casa Mirador d'Emporda","description":"Location maison enti\u00e8re \u00e0 Castello d&#039;Empuries","potentialAction":[{"@type":"SearchAction","target":{"@type":"EntryPoint","urlTemplate":"http:\/\/www.location-maison-emporda.com\/?s={search_term_string}"},"query-input":{"@type":"PropertyValueSpecification","valueRequired":true,"valueName":"search_term_string"}}],"inLanguage":"fr-FR"}]}},"_links":{"self":[{"href":"http:\/\/www.location-maison-emporda.com\/index.php\/wp-json\/wp\/v2\/pages\/8","targetHints":{"allow":["GET"]}}],"collection":[{"href":"http:\/\/www.location-maison-emporda.com\/index.php\/wp-json\/wp\/v2\/pages"}],"about":[{"href":"http:\/\/www.location-maison-emporda.com\/index.php\/wp-json\/wp\/v2\/types\/page"}],"author":[{"embeddable":true,"href":"http:\/\/www.location-maison-emporda.com\/index.php\/wp-json\/wp\/v2\/users\/1"}],"replies":[{"embeddable":true,"href":"http:\/\/www.location-maison-emporda.com\/index.php\/wp-json\/wp\/v2\/comments?post=8"}],"version-history":[{"count":33,"href":"http:\/\/www.location-maison-emporda.com\/index.php\/wp-json\/wp\/v2\/pages\/8\/revisions"}],"predecessor-version":[{"id":509,"href":"http:\/\/www.location-maison-emporda.com\/index.php\/wp-json\/wp\/v2\/pages\/8\/revisions\/509"}],"wp:attachment":[{"href":"http:\/\/www.location-maison-emporda.com\/index.php\/wp-json\/wp\/v2\/media?parent=8"}],"curies":[{"name":"wp","href":"https:\/\/api.w.org\/{rel}","templated":true}]}}